{"id":51,"date":"2019-02-14T18:15:24","date_gmt":"2019-02-14T16:15:24","guid":{"rendered":"https:\/\/puraski.ee\/?page_id=51"},"modified":"2023-03-22T11:39:12","modified_gmt":"2023-03-22T09:39:12","slug":"kogemustega-uldehitusettevote","status":"publish","type":"page","link":"https:\/\/puraski.ee\/","title":{"rendered":"Meist"},"content":{"rendered":"\n<img loading=\"lazy\" decoding=\"async\" src=\"https:\/\/puraski.ee\/wp-content\/uploads\/2019\/02\/4.1.jpg\" alt=\"4.1\" itemprop=\"image\" height=\"392\" width=\"727\" title=\"4.1\" onerror=\"this.style.display='none'\">\n\t<h1>Puraski O\u00dc<\/h1>\n<p>&nbsp;<\/p>\n<p>Puraski O\u00dc on suure kogemuspagasiga \u00fcldehituseettev\u00f5te. Meie p\u00f5hiliseks eesm\u00e4rgiks on pakkuda klientidele kvaliteetset ja heale ehitustavale vastavat teenust L\u00f5una-Eestis, kui ka \u00fcle Eesti. Pakume &#8220;v\u00f5tmed-k\u00e4tte&#8221; lahendust nii puit-, kivi- ja palkmajadele, kuid v\u00f5ime teostada ka erinevaid etappe. Samuti teostame erinevaid katuset\u00f6id.<\/p>\n<p>Meie tellijateks on erakliendid kui ka suured ettev\u00f5tted, kellele teostame allt\u00f6\u00f6v\u00f5ttu.<\/p>\n<p>Lisateenusena pakume transporti, haljasalade hooldust ja kasvatame p\u00fcsililli.<\/p>\n\t<a href=\"https:\/\/puraski.ee\/index.php\/kontakt\/\">V\u00f5ta meiega \u00fchendust<\/a>\n\t<h2>Meie meeskond<\/h2>\n\t\t\t\t<img loading=\"lazy\" decoding=\"async\" src=\"https:\/\/puraski.ee\/wp-content\/uploads\/2019\/02\/IMG_0621-150x150.jpg\" alt=\"IMG_0621\" itemprop=\"image\" height=\"150\" width=\"150\" title=\"IMG_0621\" onerror=\"this.style.display='none'\">\n\t<h4>Marek Pihlak<\/h4>\n<p>Ettev\u00f5tte juhataja ja pika-aegse t\u00f6\u00f6kogemusega palkmaja ehitaja.<\/p>\n<p>Telefon:<strong> <a href=\"tel:+372 53 825 575\">+372 53 825 575<\/a> <\/strong><\/p>\n<p>E-post: <strong><a href=\"mailto:Marek@puraski.ee\">Marek@puraski.ee<\/a> <\/strong><\/p>\n\t\t\t\t<img loading=\"lazy\" decoding=\"async\" src=\"https:\/\/puraski.ee\/wp-content\/uploads\/2019\/02\/IMG_0815-150x150.jpg\" alt=\"IMG_0815\" itemprop=\"image\" height=\"150\" width=\"150\" title=\"IMG_0815\" onerror=\"this.style.display='none'\">\n\t<h4>Agne Pihlak<\/h4>\nAednik. L\u00f5petanud R\u00e4pina Aianduskooli aedniku ja haljastust\u00f6\u00f6lise kutse.<br>\nP\u00e4rnu Kutsehariduskeskuses l\u00e4binud kursuse &#8220;P\u00fcsikute kasvatamine&#8221;.\n<p>Telefon: <strong><a href=\"tel:+372 53 322 947\">+372 53 322 947<\/a> <\/strong><\/p>\n<p>E-post: <strong><a href=\"mailto:Agne@puraski.ee\">Agne@puraski.ee<\/a> <\/strong><\/p>\n","protected":false},"excerpt":{"rendered":"<p>Puraski O\u00dc &nbsp; Puraski O\u00dc on suure kogemuspagasiga \u00fcldehituseettev\u00f5te. Meie p\u00f5hiliseks eesm\u00e4rgiks on pakkuda klientidele kvaliteetset ja heale ehitustavale vastavat teenust L\u00f5una-Eestis, kui ka \u00fcle Eesti. Pakume &#8220;v\u00f5tmed-k\u00e4tte&#8221; lahendust nii puit-, kivi- ja palkmajadele, kuid v\u00f5ime teostada ka erinevaid etappe. Samuti teostame erinevaid katuset\u00f6id. Meie tellijateks on erakliendid kui ka suured ettev\u00f5tted, kellele teostame allt\u00f6\u00f6v\u00f5ttu. [&hellip;]<\/p>\n","protected":false},"author":1,"featured_media":0,"parent":0,"menu_order":0,"comment_status":"closed","ping_status":"closed","template":"","meta":{"om_disable_all_campaigns":false,"_monsterinsights_skip_tracking":false,"_monsterinsights_sitenote_active":false,"_monsterinsights_sitenote_note":"","_monsterinsights_sitenote_category":0,"ngg_post_thumbnail":0,"footnotes":""},"class_list":["post-51","page","type-page","status-publish","hentry"],"yoast_head":"<!-- This site is optimized with the Yoast SEO plugin v24.5 - https:\/\/yoast.com\/wordpress\/plugins\/seo\/ -->\n<title>Meist - Puraski O\u00dc<\/title>\n<meta name=\"description\" content=\"Pikkaaegse kogemusega \u00fcldehitust\u00f6\u00f6d L\u00f5una-Eestis, kui ka \u00fcle Eesti. Vundamendid, puitmajad, kivimaja, palkmajad. Plekk- ja kivikatused.\" \/>\n<meta name=\"robots\" content=\"index, follow, max-snippet:-1, max-image-preview:large, max-video-preview:-1\" \/>\n<link rel=\"canonical\" href=\"https:\/\/puraski.ee\/\" \/>\n<meta property=\"og:locale\" content=\"en_US\" \/>\n<meta property=\"og:type\" content=\"article\" \/>\n<meta property=\"og:title\" content=\"Meist - Puraski O\u00dc\" \/>\n<meta property=\"og:description\" content=\"Pikkaaegse kogemusega \u00fcldehitust\u00f6\u00f6d L\u00f5una-Eestis, kui ka \u00fcle Eesti. Vundamendid, puitmajad, kivimaja, palkmajad. Plekk- ja kivikatused.\" \/>\n<meta property=\"og:url\" content=\"https:\/\/puraski.ee\/\" \/>\n<meta property=\"og:site_name\" content=\"Puraski O\u00dc\" \/>\n<meta property=\"article:publisher\" content=\"https:\/\/www.facebook.com\/PuraskiOY\" \/>\n<meta property=\"article:modified_time\" content=\"2023-03-22T09:39:12+00:00\" \/>\n<meta property=\"og:image\" content=\"https:\/\/puraski.ee\/wp-content\/uploads\/2019\/02\/4.1.jpg\" \/>\n<meta name=\"twitter:card\" content=\"summary_large_image\" \/>\n<script type=\"application\/ld+json\" class=\"yoast-schema-graph\">{\"@context\":\"https:\/\/schema.org\",\"@graph\":[{\"@type\":\"WebPage\",\"@id\":\"https:\/\/puraski.ee\/\",\"url\":\"https:\/\/puraski.ee\/\",\"name\":\"Meist - Puraski O\u00dc\",\"isPartOf\":{\"@id\":\"https:\/\/puraski.ee\/#website\"},\"primaryImageOfPage\":{\"@id\":\"https:\/\/puraski.ee\/#primaryimage\"},\"image\":{\"@id\":\"https:\/\/puraski.ee\/#primaryimage\"},\"thumbnailUrl\":\"https:\/\/puraski.ee\/wp-content\/uploads\/2019\/02\/4.1.jpg\",\"datePublished\":\"2019-02-14T16:15:24+00:00\",\"dateModified\":\"2023-03-22T09:39:12+00:00\",\"description\":\"Pikkaaegse kogemusega \u00fcldehitust\u00f6\u00f6d L\u00f5una-Eestis, kui ka \u00fcle Eesti. Vundamendid, puitmajad, kivimaja, palkmajad. Plekk- ja kivikatused.\",\"breadcrumb\":{\"@id\":\"https:\/\/puraski.ee\/#breadcrumb\"},\"inLanguage\":\"en-US\",\"potentialAction\":[{\"@type\":\"ReadAction\",\"target\":[\"https:\/\/puraski.ee\/\"]}]},{\"@type\":\"ImageObject\",\"inLanguage\":\"en-US\",\"@id\":\"https:\/\/puraski.ee\/#primaryimage\",\"url\":\"https:\/\/puraski.ee\/wp-content\/uploads\/2019\/02\/4.1.jpg\",\"contentUrl\":\"https:\/\/puraski.ee\/wp-content\/uploads\/2019\/02\/4.1.jpg\"},{\"@type\":\"BreadcrumbList\",\"@id\":\"https:\/\/puraski.ee\/#breadcrumb\",\"itemListElement\":[{\"@type\":\"ListItem\",\"position\":1,\"name\":\"Home\",\"item\":\"https:\/\/puraski.ee\/\"},{\"@type\":\"ListItem\",\"position\":2,\"name\":\"Meist\"}]},{\"@type\":\"WebSite\",\"@id\":\"https:\/\/puraski.ee\/#website\",\"url\":\"https:\/\/puraski.ee\/\",\"name\":\"Puraski O\u00dc\",\"description\":\"Restaureerime - Renoveerime - Ehitame\",\"publisher\":{\"@id\":\"https:\/\/puraski.ee\/#organization\"},\"alternateName\":\"Puraski\",\"potentialAction\":[{\"@type\":\"SearchAction\",\"target\":{\"@type\":\"EntryPoint\",\"urlTemplate\":\"https:\/\/puraski.ee\/?s={search_term_string}\"},\"query-input\":{\"@type\":\"PropertyValueSpecification\",\"valueRequired\":true,\"valueName\":\"search_term_string\"}}],\"inLanguage\":\"en-US\"},{\"@type\":\"Organization\",\"@id\":\"https:\/\/puraski.ee\/#organization\",\"name\":\"PuraskiO\u00dc\",\"url\":\"https:\/\/puraski.ee\/\",\"logo\":{\"@type\":\"ImageObject\",\"inLanguage\":\"en-US\",\"@id\":\"https:\/\/puraski.ee\/#\/schema\/logo\/image\/\",\"url\":\"https:\/\/puraski.ee\/wp-content\/uploads\/2023\/02\/logo1-1.png\",\"contentUrl\":\"https:\/\/puraski.ee\/wp-content\/uploads\/2023\/02\/logo1-1.png\",\"width\":164,\"height\":214,\"caption\":\"PuraskiO\u00dc\"},\"image\":{\"@id\":\"https:\/\/puraski.ee\/#\/schema\/logo\/image\/\"},\"sameAs\":[\"https:\/\/www.facebook.com\/PuraskiOY\"]}]}<\/script>\n<!-- \/ Yoast SEO plugin. -->","yoast_head_json":{"title":"Meist - Puraski O\u00dc","description":"Pikkaaegse kogemusega \u00fcldehitust\u00f6\u00f6d L\u00f5una-Eestis, kui ka \u00fcle Eesti. Vundamendid, puitmajad, kivimaja, palkmajad. Plekk- ja kivikatused.","robots":{"index":"index","follow":"follow","max-snippet":"max-snippet:-1","max-image-preview":"max-image-preview:large","max-video-preview":"max-video-preview:-1"},"canonical":"https:\/\/puraski.ee\/","og_locale":"en_US","og_type":"article","og_title":"Meist - Puraski O\u00dc","og_description":"Pikkaaegse kogemusega \u00fcldehitust\u00f6\u00f6d L\u00f5una-Eestis, kui ka \u00fcle Eesti. Vundamendid, puitmajad, kivimaja, palkmajad. Plekk- ja kivikatused.","og_url":"https:\/\/puraski.ee\/","og_site_name":"Puraski O\u00dc","article_publisher":"https:\/\/www.facebook.com\/PuraskiOY","article_modified_time":"2023-03-22T09:39:12+00:00","og_image":[{"url":"https:\/\/puraski.ee\/wp-content\/uploads\/2019\/02\/4.1.jpg","type":"","width":"","height":""}],"twitter_card":"summary_large_image","schema":{"@context":"https:\/\/schema.org","@graph":[{"@type":"WebPage","@id":"https:\/\/puraski.ee\/","url":"https:\/\/puraski.ee\/","name":"Meist - Puraski O\u00dc","isPartOf":{"@id":"https:\/\/puraski.ee\/#website"},"primaryImageOfPage":{"@id":"https:\/\/puraski.ee\/#primaryimage"},"image":{"@id":"https:\/\/puraski.ee\/#primaryimage"},"thumbnailUrl":"https:\/\/puraski.ee\/wp-content\/uploads\/2019\/02\/4.1.jpg","datePublished":"2019-02-14T16:15:24+00:00","dateModified":"2023-03-22T09:39:12+00:00","description":"Pikkaaegse kogemusega \u00fcldehitust\u00f6\u00f6d L\u00f5una-Eestis, kui ka \u00fcle Eesti. Vundamendid, puitmajad, kivimaja, palkmajad. Plekk- ja kivikatused.","breadcrumb":{"@id":"https:\/\/puraski.ee\/#breadcrumb"},"inLanguage":"en-US","potentialAction":[{"@type":"ReadAction","target":["https:\/\/puraski.ee\/"]}]},{"@type":"ImageObject","inLanguage":"en-US","@id":"https:\/\/puraski.ee\/#primaryimage","url":"https:\/\/puraski.ee\/wp-content\/uploads\/2019\/02\/4.1.jpg","contentUrl":"https:\/\/puraski.ee\/wp-content\/uploads\/2019\/02\/4.1.jpg"},{"@type":"BreadcrumbList","@id":"https:\/\/puraski.ee\/#breadcrumb","itemListElement":[{"@type":"ListItem","position":1,"name":"Home","item":"https:\/\/puraski.ee\/"},{"@type":"ListItem","position":2,"name":"Meist"}]},{"@type":"WebSite","@id":"https:\/\/puraski.ee\/#website","url":"https:\/\/puraski.ee\/","name":"Puraski O\u00dc","description":"Restaureerime - Renoveerime - Ehitame","publisher":{"@id":"https:\/\/puraski.ee\/#organization"},"alternateName":"Puraski","potentialAction":[{"@type":"SearchAction","target":{"@type":"EntryPoint","urlTemplate":"https:\/\/puraski.ee\/?s={search_term_string}"},"query-input":{"@type":"PropertyValueSpecification","valueRequired":true,"valueName":"search_term_string"}}],"inLanguage":"en-US"},{"@type":"Organization","@id":"https:\/\/puraski.ee\/#organization","name":"PuraskiO\u00dc","url":"https:\/\/puraski.ee\/","logo":{"@type":"ImageObject","inLanguage":"en-US","@id":"https:\/\/puraski.ee\/#\/schema\/logo\/image\/","url":"https:\/\/puraski.ee\/wp-content\/uploads\/2023\/02\/logo1-1.png","contentUrl":"https:\/\/puraski.ee\/wp-content\/uploads\/2023\/02\/logo1-1.png","width":164,"height":214,"caption":"PuraskiO\u00dc"},"image":{"@id":"https:\/\/puraski.ee\/#\/schema\/logo\/image\/"},"sameAs":["https:\/\/www.facebook.com\/PuraskiOY"]}]}},"_links":{"self":[{"href":"https:\/\/puraski.ee\/index.php\/wp-json\/wp\/v2\/pages\/51","targetHints":{"allow":["GET"]}}],"collection":[{"href":"https:\/\/puraski.ee\/index.php\/wp-json\/wp\/v2\/pages"}],"about":[{"href":"https:\/\/puraski.ee\/index.php\/wp-json\/wp\/v2\/types\/page"}],"author":[{"embeddable":true,"href":"https:\/\/puraski.ee\/index.php\/wp-json\/wp\/v2\/users\/1"}],"replies":[{"embeddable":true,"href":"https:\/\/puraski.ee\/index.php\/wp-json\/wp\/v2\/comments?post=51"}],"version-history":[{"count":5,"href":"https:\/\/puraski.ee\/index.php\/wp-json\/wp\/v2\/pages\/51\/revisions"}],"predecessor-version":[{"id":341,"href":"https:\/\/puraski.ee\/index.php\/wp-json\/wp\/v2\/pages\/51\/revisions\/341"}],"wp:attachment":[{"href":"https:\/\/puraski.ee\/index.php\/wp-json\/wp\/v2\/media?parent=51"}],"curies":[{"name":"wp","href":"https:\/\/api.w.org\/{rel}","templated":true}]}}